{"id":10,"date":"2023-08-11T23:16:55","date_gmt":"2023-08-11T21:16:55","guid":{"rendered":"https:\/\/illusnanda.com\/?page_id=10"},"modified":"2024-01-23T13:22:33","modified_gmt":"2024-01-23T12:22:33","slug":"ilustraciones","status":"publish","type":"page","link":"https:\/\/illusnanda.com\/fr\/ilustraciones\/","title":{"rendered":"Illustrations"},"content":{"rendered":"<div data-elementor-type=\"wp-page\" data-elementor-id=\"10\" class=\"elementor elementor-10\" data-elementor-post-type=\"page\">\n\t\t\t\t\t\t<section class=\"elementor-section elementor-top-section elementor-element elementor-element-1843b4cf elementor-section-boxed elementor-section-height-default elementor-section-height-default\" data-id=\"1843b4cf\" data-element_type=\"section\" data-e-type=\"section\">\n\t\t\t\t\t\t<div class=\"elementor-container elementor-column-gap-default\">\n\t\t\t\t\t<div class=\"elementor-column elementor-col-100 elementor-top-column elementor-element elementor-element-30045e18\" data-id=\"30045e18\" data-element_type=\"column\" data-e-type=\"column\">\n\t\t\t<div class=\"elementor-widget-wrap elementor-element-populated\">\n\t\t\t\t\t\t<div class=\"elementor-element elementor-element-579ed0a8 elementor-widget elementor-widget-heading\" data-id=\"579ed0a8\" data-element_type=\"widget\" data-e-type=\"widget\" data-widget_type=\"heading.default\">\n\t\t\t\t\t<h2 class=\"elementor-heading-title elementor-size-default\">Illustrations<\/h2>\t\t\t\t<\/div>\n\t\t\t\t\t<\/div>\n\t\t<\/div>\n\t\t\t\t\t<\/div>\n\t\t<\/section>\n\t\t\t\t<section class=\"elementor-section elementor-top-section elementor-element elementor-element-12af24b0 elementor-section-boxed elementor-section-height-default elementor-section-height-default\" data-id=\"12af24b0\" data-element_type=\"section\" data-e-type=\"section\">\n\t\t\t\t\t\t<div class=\"elementor-container elementor-column-gap-default\">\n\t\t\t\t\t<div class=\"elementor-column elementor-col-100 elementor-top-column elementor-element elementor-element-1ab46872\" data-id=\"1ab46872\" data-element_type=\"column\" data-e-type=\"column\">\n\t\t\t<div class=\"elementor-widget-wrap elementor-element-populated\">\n\t\t\t\t\t\t<div class=\"elementor-element elementor-element-2a76d3f6 elementor-grid-3 elementor-grid-tablet-2 elementor-grid-mobile-1 elementor-widget elementor-widget-portfolio\" data-id=\"2a76d3f6\" data-element_type=\"widget\" data-e-type=\"widget\" data-settings=\"{&quot;row_gap&quot;:{&quot;unit&quot;:&quot;px&quot;,&quot;size&quot;:40,&quot;sizes&quot;:[]},&quot;columns&quot;:&quot;3&quot;,&quot;columns_tablet&quot;:&quot;2&quot;,&quot;columns_mobile&quot;:&quot;1&quot;,&quot;item_ratio&quot;:{&quot;unit&quot;:&quot;px&quot;,&quot;size&quot;:0.66,&quot;sizes&quot;:[]},&quot;item_gap&quot;:{&quot;unit&quot;:&quot;px&quot;,&quot;size&quot;:&quot;&quot;,&quot;sizes&quot;:[]}}\" data-widget_type=\"portfolio.default\">\n\t\t\t\t<div class=\"elementor-widget-container\">\n\t\t\t\t\t\t\t<div class=\"elementor-portfolio elementor-grid elementor-posts-container\" role=\"list\">\n\t\t\t\t<article class=\"elementor-portfolio-item elementor-post  post-1219 post type-post status-publish format-standard has-post-thumbnail hentry category-diseno-grafico category-ilustracion\" role=\"listitem\">\n\t\t\t<a class=\"elementor-post__thumbnail__link\" href=\"https:\/\/illusnanda.com\/fr\/association-le-bocal\/\">\n\t\t\t\t<div class=\"elementor-portfolio-item__img elementor-post__thumbnail\">\n\t\t\t<img fetchpriority=\"high\" decoding=\"async\" width=\"300\" height=\"278\" src=\"https:\/\/illusnanda.com\/wp-content\/uploads\/2024\/02\/politique_-1-300x278.png\" class=\"attachment-medium size-medium wp-image-1238\" alt=\"\" srcset=\"https:\/\/illusnanda.com\/wp-content\/uploads\/2024\/02\/politique_-1-300x278.png 300w, https:\/\/illusnanda.com\/wp-content\/uploads\/2024\/02\/politique_-1-1024x950.png 1024w, https:\/\/illusnanda.com\/wp-content\/uploads\/2024\/02\/politique_-1-768x712.png 768w, https:\/\/illusnanda.com\/wp-content\/uploads\/2024\/02\/politique_-1-13x12.png 13w, https:\/\/illusnanda.com\/wp-content\/uploads\/2024\/02\/politique_-1.png 1161w\" sizes=\"(max-width: 300px) 100vw, 300px\" \/>\t\t<\/div>\n\t\t\t\t<div class=\"elementor-portfolio-item__overlay\">\n\t\t\t\t<h3 class=\"elementor-portfolio-item__title\">\n\t\tAssociation Le Bocal\t\t<\/h3>\n\t\t\t\t<\/div>\n\t\t\t\t<\/a>\n\t\t<\/article>\n\t\t\t\t<article class=\"elementor-portfolio-item elementor-post  post-56 post type-post status-publish format-standard has-post-thumbnail hentry category-ilustracion\" role=\"listitem\">\n\t\t\t<a class=\"elementor-post__thumbnail__link\" href=\"https:\/\/illusnanda.com\/fr\/mujer-mapuche\/\">\n\t\t\t\t<div class=\"elementor-portfolio-item__img elementor-post__thumbnail\">\n\t\t\t<img decoding=\"async\" width=\"212\" height=\"300\" src=\"https:\/\/illusnanda.com\/wp-content\/uploads\/2023\/08\/mapucheCHICA-212x300.png\" class=\"attachment-medium size-medium wp-image-512\" alt=\"\" srcset=\"https:\/\/illusnanda.com\/wp-content\/uploads\/2023\/08\/mapucheCHICA-212x300.png 212w, https:\/\/illusnanda.com\/wp-content\/uploads\/2023\/08\/mapucheCHICA-725x1024.png 725w, https:\/\/illusnanda.com\/wp-content\/uploads\/2023\/08\/mapucheCHICA-768x1085.png 768w, https:\/\/illusnanda.com\/wp-content\/uploads\/2023\/08\/mapucheCHICA-1087x1536.png 1087w, https:\/\/illusnanda.com\/wp-content\/uploads\/2023\/08\/mapucheCHICA-1450x2048.png 1450w\" sizes=\"(max-width: 212px) 100vw, 212px\" \/>\t\t<\/div>\n\t\t\t\t<div class=\"elementor-portfolio-item__overlay\">\n\t\t\t\t<h3 class=\"elementor-portfolio-item__title\">\n\t\tLadys\t\t<\/h3>\n\t\t\t\t<\/div>\n\t\t\t\t<\/a>\n\t\t<\/article>\n\t\t\t\t<article class=\"elementor-portfolio-item elementor-post  post-513 post type-post status-publish format-standard has-post-thumbnail hentry category-diseno-grafico category-ilustracion\" role=\"listitem\">\n\t\t\t<a class=\"elementor-post__thumbnail__link\" href=\"https:\/\/illusnanda.com\/fr\/festival-o-tour-des-contes\/\">\n\t\t\t\t<div class=\"elementor-portfolio-item__img elementor-post__thumbnail\">\n\t\t\t<img decoding=\"async\" width=\"300\" height=\"200\" src=\"https:\/\/illusnanda.com\/wp-content\/uploads\/2023\/09\/57720-300x200.png\" class=\"attachment-medium size-medium wp-image-619\" alt=\"\" srcset=\"https:\/\/illusnanda.com\/wp-content\/uploads\/2023\/09\/57720-300x200.png 300w, https:\/\/illusnanda.com\/wp-content\/uploads\/2023\/09\/57720-1024x684.png 1024w, https:\/\/illusnanda.com\/wp-content\/uploads\/2023\/09\/57720-768x513.png 768w, https:\/\/illusnanda.com\/wp-content\/uploads\/2023\/09\/57720-1536x1025.png 1536w, https:\/\/illusnanda.com\/wp-content\/uploads\/2023\/09\/57720-18x12.png 18w, https:\/\/illusnanda.com\/wp-content\/uploads\/2023\/09\/57720.png 1594w\" sizes=\"(max-width: 300px) 100vw, 300px\" \/>\t\t<\/div>\n\t\t\t\t<div class=\"elementor-portfolio-item__overlay\">\n\t\t\t\t<h3 class=\"elementor-portfolio-item__title\">\n\t\tFestival \u00d4 Tour des Contes\t\t<\/h3>\n\t\t\t\t<\/div>\n\t\t\t\t<\/a>\n\t\t<\/article>\n\t\t\t\t<article class=\"elementor-portfolio-item elementor-post  post-461 post type-post status-publish format-standard has-post-thumbnail hentry category-ilustracion\" role=\"listitem\">\n\t\t\t<a class=\"elementor-post__thumbnail__link\" href=\"https:\/\/illusnanda.com\/fr\/la-venue-du-printemps\/\">\n\t\t\t\t<div class=\"elementor-portfolio-item__img elementor-post__thumbnail\">\n\t\t\t<img loading=\"lazy\" decoding=\"async\" width=\"300\" height=\"297\" src=\"https:\/\/illusnanda.com\/wp-content\/uploads\/2023\/09\/pacoo-300x297.png\" class=\"attachment-medium size-medium wp-image-493\" alt=\"\" srcset=\"https:\/\/illusnanda.com\/wp-content\/uploads\/2023\/09\/pacoo-300x297.png 300w, https:\/\/illusnanda.com\/wp-content\/uploads\/2023\/09\/pacoo-150x150.png 150w, https:\/\/illusnanda.com\/wp-content\/uploads\/2023\/09\/pacoo.png 506w\" sizes=\"(max-width: 300px) 100vw, 300px\" \/>\t\t<\/div>\n\t\t\t\t<div class=\"elementor-portfolio-item__overlay\">\n\t\t\t\t<h3 class=\"elementor-portfolio-item__title\">\n\t\tLa venue du printemps\t\t<\/h3>\n\t\t\t\t<\/div>\n\t\t\t\t<\/a>\n\t\t<\/article>\n\t\t\t\t<article class=\"elementor-portfolio-item elementor-post  post-713 post type-post status-publish format-standard has-post-thumbnail hentry category-ilustracion\" role=\"listitem\">\n\t\t\t<a class=\"elementor-post__thumbnail__link\" href=\"https:\/\/illusnanda.com\/fr\/proyecto-de-historieta\/\">\n\t\t\t\t<div class=\"elementor-portfolio-item__img elementor-post__thumbnail\">\n\t\t\t<img loading=\"lazy\" decoding=\"async\" width=\"279\" height=\"300\" src=\"https:\/\/illusnanda.com\/wp-content\/uploads\/2023\/10\/ff-279x300.png\" class=\"attachment-medium size-medium wp-image-744\" alt=\"\" srcset=\"https:\/\/illusnanda.com\/wp-content\/uploads\/2023\/10\/ff-279x300.png 279w, https:\/\/illusnanda.com\/wp-content\/uploads\/2023\/10\/ff-952x1024.png 952w, https:\/\/illusnanda.com\/wp-content\/uploads\/2023\/10\/ff-768x826.png 768w, https:\/\/illusnanda.com\/wp-content\/uploads\/2023\/10\/ff-1428x1536.png 1428w, https:\/\/illusnanda.com\/wp-content\/uploads\/2023\/10\/ff-1904x2048.png 1904w, https:\/\/illusnanda.com\/wp-content\/uploads\/2023\/10\/ff-11x12.png 11w\" sizes=\"(max-width: 279px) 100vw, 279px\" \/>\t\t<\/div>\n\t\t\t\t<div class=\"elementor-portfolio-item__overlay\">\n\t\t\t\t<h3 class=\"elementor-portfolio-item__title\">\n\t\tProjet de BD \u00e0 venir\t\t<\/h3>\n\t\t\t\t<\/div>\n\t\t\t\t<\/a>\n\t\t<\/article>\n\t\t\t\t<article class=\"elementor-portfolio-item elementor-post  post-805 post type-post status-publish format-standard has-post-thumbnail hentry category-ilustracion\" role=\"listitem\">\n\t\t\t<a class=\"elementor-post__thumbnail__link\" href=\"https:\/\/illusnanda.com\/fr\/cesam-nature\/\">\n\t\t\t\t<div class=\"elementor-portfolio-item__img elementor-post__thumbnail\">\n\t\t\t<img loading=\"lazy\" decoding=\"async\" width=\"300\" height=\"212\" src=\"https:\/\/illusnanda.com\/wp-content\/uploads\/2023\/10\/decouverte-nature-copie-300x212.jpg\" class=\"attachment-medium size-medium wp-image-808\" alt=\"\" srcset=\"https:\/\/illusnanda.com\/wp-content\/uploads\/2023\/10\/decouverte-nature-copie-300x212.jpg 300w, https:\/\/illusnanda.com\/wp-content\/uploads\/2023\/10\/decouverte-nature-copie-1024x724.jpg 1024w, https:\/\/illusnanda.com\/wp-content\/uploads\/2023\/10\/decouverte-nature-copie-768x543.jpg 768w, https:\/\/illusnanda.com\/wp-content\/uploads\/2023\/10\/decouverte-nature-copie-1536x1086.jpg 1536w, https:\/\/illusnanda.com\/wp-content\/uploads\/2023\/10\/decouverte-nature-copie-2048x1448.jpg 2048w, https:\/\/illusnanda.com\/wp-content\/uploads\/2023\/10\/decouverte-nature-copie-18x12.jpg 18w\" sizes=\"(max-width: 300px) 100vw, 300px\" \/>\t\t<\/div>\n\t\t\t\t<div class=\"elementor-portfolio-item__overlay\">\n\t\t\t\t<h3 class=\"elementor-portfolio-item__title\">\n\t\tCesam-Nature\t\t<\/h3>\n\t\t\t\t<\/div>\n\t\t\t\t<\/a>\n\t\t<\/article>\n\t\t\t\t<article class=\"elementor-portfolio-item elementor-post  post-779 post type-post status-publish format-standard has-post-thumbnail hentry category-diseno-grafico category-ilustracion\" role=\"listitem\">\n\t\t\t<a class=\"elementor-post__thumbnail__link\" href=\"https:\/\/illusnanda.com\/fr\/un-nacimiento\/\">\n\t\t\t\t<div class=\"elementor-portfolio-item__img elementor-post__thumbnail\">\n\t\t\t<img loading=\"lazy\" decoding=\"async\" width=\"300\" height=\"165\" src=\"https:\/\/illusnanda.com\/wp-content\/uploads\/2023\/10\/Childrens_room_Poster_18-300x165.png\" class=\"attachment-medium size-medium wp-image-767\" alt=\"\" srcset=\"https:\/\/illusnanda.com\/wp-content\/uploads\/2023\/10\/Childrens_room_Poster_18-300x165.png 300w, https:\/\/illusnanda.com\/wp-content\/uploads\/2023\/10\/Childrens_room_Poster_18-1024x563.png 1024w, https:\/\/illusnanda.com\/wp-content\/uploads\/2023\/10\/Childrens_room_Poster_18-768x422.png 768w, https:\/\/illusnanda.com\/wp-content\/uploads\/2023\/10\/Childrens_room_Poster_18-1536x845.png 1536w, https:\/\/illusnanda.com\/wp-content\/uploads\/2023\/10\/Childrens_room_Poster_18-2048x1126.png 2048w, https:\/\/illusnanda.com\/wp-content\/uploads\/2023\/10\/Childrens_room_Poster_18-18x10.png 18w\" sizes=\"(max-width: 300px) 100vw, 300px\" \/>\t\t<\/div>\n\t\t\t\t<div class=\"elementor-portfolio-item__overlay\">\n\t\t\t\t<h3 class=\"elementor-portfolio-item__title\">\n\t\tUne naissance\t\t<\/h3>\n\t\t\t\t<\/div>\n\t\t\t\t<\/a>\n\t\t<\/article>\n\t\t\t\t<article class=\"elementor-portfolio-item elementor-post  post-476 post type-post status-publish format-standard has-post-thumbnail hentry category-ilustracion\" role=\"listitem\">\n\t\t\t<a class=\"elementor-post__thumbnail__link\" href=\"https:\/\/illusnanda.com\/fr\/pinturas-al-agua\/\">\n\t\t\t\t<div class=\"elementor-portfolio-item__img elementor-post__thumbnail\">\n\t\t\t<img loading=\"lazy\" decoding=\"async\" width=\"300\" height=\"181\" src=\"https:\/\/illusnanda.com\/wp-content\/uploads\/2023\/09\/pinturas-al-agua-300x181.png\" class=\"attachment-medium size-medium wp-image-473\" alt=\"\" srcset=\"https:\/\/illusnanda.com\/wp-content\/uploads\/2023\/09\/pinturas-al-agua-300x181.png 300w, https:\/\/illusnanda.com\/wp-content\/uploads\/2023\/09\/pinturas-al-agua-1024x618.png 1024w, https:\/\/illusnanda.com\/wp-content\/uploads\/2023\/09\/pinturas-al-agua-768x463.png 768w, https:\/\/illusnanda.com\/wp-content\/uploads\/2023\/09\/pinturas-al-agua-1536x927.png 1536w, https:\/\/illusnanda.com\/wp-content\/uploads\/2023\/09\/pinturas-al-agua-2048x1236.png 2048w\" sizes=\"(max-width: 300px) 100vw, 300px\" \/>\t\t<\/div>\n\t\t\t\t<div class=\"elementor-portfolio-item__overlay\">\n\t\t\t\t<h3 class=\"elementor-portfolio-item__title\">\n\t\tPlusieurs illustrations\t\t<\/h3>\n\t\t\t\t<\/div>\n\t\t\t\t<\/a>\n\t\t<\/article>\n\t\t\t\t<\/div>\n\t\t\t\t\t\t<\/div>\n\t\t\t\t<\/div>\n\t\t\t\t\t<\/div>\n\t\t<\/div>\n\t\t\t\t\t<\/div>\n\t\t<\/section>\n\t\t\t\t<\/div>","protected":false},"excerpt":{"rendered":"","protected":false},"author":1,"featured_media":0,"parent":0,"menu_order":0,"comment_status":"closed","ping_status":"closed","template":"","meta":{"footnotes":""},"class_list":["post-10","page","type-page","status-publish","hentry"],"yoast_head":"<!-- This site is optimized with the Yoast SEO plugin v27.4 - https:\/\/yoast.com\/product\/yoast-seo-wordpress\/ -->\n<title>Ilustraciones - Fernanda Cruces<\/title>\n<meta name=\"robots\" content=\"index, follow, max-snippet:-1, max-image-preview:large, max-video-preview:-1\" \/>\n<link rel=\"canonical\" href=\"https:\/\/illusnanda.com\/fr\/ilustraciones\/\" \/>\n<meta property=\"og:locale\" content=\"fr_FR\" \/>\n<meta property=\"og:type\" content=\"article\" \/>\n<meta property=\"og:title\" content=\"Ilustraciones - Fernanda Cruces\" \/>\n<meta property=\"og:url\" content=\"https:\/\/illusnanda.com\/fr\/ilustraciones\/\" \/>\n<meta property=\"og:site_name\" content=\"Fernanda Cruces\" \/>\n<meta property=\"article:modified_time\" content=\"2024-01-23T12:22:33+00:00\" \/>\n<meta name=\"twitter:card\" content=\"summary_large_image\" \/>\n<script type=\"application\/ld+json\" class=\"yoast-schema-graph\">{\"@context\":\"https:\\\/\\\/schema.org\",\"@graph\":[{\"@type\":\"WebPage\",\"@id\":\"https:\\\/\\\/illusnanda.com\\\/ilustraciones\\\/\",\"url\":\"https:\\\/\\\/illusnanda.com\\\/ilustraciones\\\/\",\"name\":\"Ilustraciones - Fernanda Cruces\",\"isPartOf\":{\"@id\":\"https:\\\/\\\/illusnanda.com\\\/#website\"},\"datePublished\":\"2023-08-11T21:16:55+00:00\",\"dateModified\":\"2024-01-23T12:22:33+00:00\",\"breadcrumb\":{\"@id\":\"https:\\\/\\\/illusnanda.com\\\/ilustraciones\\\/#breadcrumb\"},\"inLanguage\":\"fr-BE\",\"potentialAction\":[{\"@type\":\"ReadAction\",\"target\":[\"https:\\\/\\\/illusnanda.com\\\/ilustraciones\\\/\"]}]},{\"@type\":\"BreadcrumbList\",\"@id\":\"https:\\\/\\\/illusnanda.com\\\/ilustraciones\\\/#breadcrumb\",\"itemListElement\":[{\"@type\":\"ListItem\",\"position\":1,\"name\":\"Portada\",\"item\":\"https:\\\/\\\/illusnanda.com\\\/\"},{\"@type\":\"ListItem\",\"position\":2,\"name\":\"Ilustraciones\"}]},{\"@type\":\"WebSite\",\"@id\":\"https:\\\/\\\/illusnanda.com\\\/#website\",\"url\":\"https:\\\/\\\/illusnanda.com\\\/\",\"name\":\"Fernanda Cruces\",\"description\":\"Ilustradora y Dise\u00f1adora Gr\u00e1fica: Visuels clairs et sensibles pour projets culturels et \u00e9ducatifs\",\"potentialAction\":[{\"@type\":\"SearchAction\",\"target\":{\"@type\":\"EntryPoint\",\"urlTemplate\":\"https:\\\/\\\/illusnanda.com\\\/?s={search_term_string}\"},\"query-input\":{\"@type\":\"PropertyValueSpecification\",\"valueRequired\":true,\"valueName\":\"search_term_string\"}}],\"inLanguage\":\"fr-BE\"}]}<\/script>\n<!-- \/ Yoast SEO plugin. -->","yoast_head_json":{"title":"Ilustraciones - Fernanda Cruces","robots":{"index":"index","follow":"follow","max-snippet":"max-snippet:-1","max-image-preview":"max-image-preview:large","max-video-preview":"max-video-preview:-1"},"canonical":"https:\/\/illusnanda.com\/fr\/ilustraciones\/","og_locale":"fr_FR","og_type":"article","og_title":"Ilustraciones - Fernanda Cruces","og_url":"https:\/\/illusnanda.com\/fr\/ilustraciones\/","og_site_name":"Fernanda Cruces","article_modified_time":"2024-01-23T12:22:33+00:00","twitter_card":"summary_large_image","schema":{"@context":"https:\/\/schema.org","@graph":[{"@type":"WebPage","@id":"https:\/\/illusnanda.com\/ilustraciones\/","url":"https:\/\/illusnanda.com\/ilustraciones\/","name":"Ilustraciones - Fernanda Cruces","isPartOf":{"@id":"https:\/\/illusnanda.com\/#website"},"datePublished":"2023-08-11T21:16:55+00:00","dateModified":"2024-01-23T12:22:33+00:00","breadcrumb":{"@id":"https:\/\/illusnanda.com\/ilustraciones\/#breadcrumb"},"inLanguage":"fr-BE","potentialAction":[{"@type":"ReadAction","target":["https:\/\/illusnanda.com\/ilustraciones\/"]}]},{"@type":"BreadcrumbList","@id":"https:\/\/illusnanda.com\/ilustraciones\/#breadcrumb","itemListElement":[{"@type":"ListItem","position":1,"name":"Portada","item":"https:\/\/illusnanda.com\/"},{"@type":"ListItem","position":2,"name":"Ilustraciones"}]},{"@type":"WebSite","@id":"https:\/\/illusnanda.com\/#website","url":"https:\/\/illusnanda.com\/","name":"Fernanda Cruces","description":"Ilustradora y Dise\u00f1adora Gr\u00e1fica: Visuels clairs et sensibles pour projets culturels et \u00e9ducatifs","potentialAction":[{"@type":"SearchAction","target":{"@type":"EntryPoint","urlTemplate":"https:\/\/illusnanda.com\/?s={search_term_string}"},"query-input":{"@type":"PropertyValueSpecification","valueRequired":true,"valueName":"search_term_string"}}],"inLanguage":"fr-BE"}]}},"_links":{"self":[{"href":"https:\/\/illusnanda.com\/fr\/wp-json\/wp\/v2\/pages\/10","targetHints":{"allow":["GET"]}}],"collection":[{"href":"https:\/\/illusnanda.com\/fr\/wp-json\/wp\/v2\/pages"}],"about":[{"href":"https:\/\/illusnanda.com\/fr\/wp-json\/wp\/v2\/types\/page"}],"author":[{"embeddable":true,"href":"https:\/\/illusnanda.com\/fr\/wp-json\/wp\/v2\/users\/1"}],"replies":[{"embeddable":true,"href":"https:\/\/illusnanda.com\/fr\/wp-json\/wp\/v2\/comments?post=10"}],"version-history":[{"count":29,"href":"https:\/\/illusnanda.com\/fr\/wp-json\/wp\/v2\/pages\/10\/revisions"}],"predecessor-version":[{"id":816,"href":"https:\/\/illusnanda.com\/fr\/wp-json\/wp\/v2\/pages\/10\/revisions\/816"}],"wp:attachment":[{"href":"https:\/\/illusnanda.com\/fr\/wp-json\/wp\/v2\/media?parent=10"}],"curies":[{"name":"wp","href":"https:\/\/api.w.org\/{rel}","templated":true}]}}