{"id":12,"date":"2023-08-11T23:17:32","date_gmt":"2023-08-11T21:17:32","guid":{"rendered":"https:\/\/illusnanda.com\/?page_id=12"},"modified":"2023-08-13T14:13:22","modified_gmt":"2023-08-13T12:13:22","slug":"diseno-grafico","status":"publish","type":"page","link":"https:\/\/illusnanda.com\/fr\/diseno-grafico\/","title":{"rendered":"Infographie"},"content":{"rendered":"<div data-elementor-type=\"wp-page\" data-elementor-id=\"12\" class=\"elementor elementor-12\" data-elementor-post-type=\"page\">\n\t\t\t\t\t\t<section class=\"elementor-section elementor-top-section elementor-element elementor-element-2cbbdbae elementor-section-boxed elementor-section-height-default elementor-section-height-default\" data-id=\"2cbbdbae\" data-element_type=\"section\" data-e-type=\"section\">\n\t\t\t\t\t\t<div class=\"elementor-container elementor-column-gap-default\">\n\t\t\t\t\t<div class=\"elementor-column elementor-col-100 elementor-top-column elementor-element elementor-element-6a68824a\" data-id=\"6a68824a\" data-element_type=\"column\" data-e-type=\"column\">\n\t\t\t<div class=\"elementor-widget-wrap elementor-element-populated\">\n\t\t\t\t\t\t<div class=\"elementor-element elementor-element-3fa0036b elementor-widget elementor-widget-heading\" data-id=\"3fa0036b\" data-element_type=\"widget\" data-e-type=\"widget\" data-widget_type=\"heading.default\">\n\t\t\t\t\t<h2 class=\"elementor-heading-title elementor-size-default\">Infographie<\/h2>\t\t\t\t<\/div>\n\t\t\t\t\t<\/div>\n\t\t<\/div>\n\t\t\t\t\t<\/div>\n\t\t<\/section>\n\t\t\t\t<section class=\"elementor-section elementor-top-section elementor-element elementor-element-17fb25cc elementor-section-boxed elementor-section-height-default elementor-section-height-default\" data-id=\"17fb25cc\" data-element_type=\"section\" data-e-type=\"section\">\n\t\t\t\t\t\t<div class=\"elementor-container elementor-column-gap-default\">\n\t\t\t\t\t<div class=\"elementor-column elementor-col-100 elementor-top-column elementor-element elementor-element-2afeb0\" data-id=\"2afeb0\" data-element_type=\"column\" data-e-type=\"column\">\n\t\t\t<div class=\"elementor-widget-wrap elementor-element-populated\">\n\t\t\t\t\t\t<div class=\"elementor-element elementor-element-c6bd0d2 elementor-grid-3 elementor-grid-tablet-2 elementor-grid-mobile-1 elementor-widget elementor-widget-portfolio\" data-id=\"c6bd0d2\" data-element_type=\"widget\" data-e-type=\"widget\" data-settings=\"{&quot;row_gap&quot;:{&quot;unit&quot;:&quot;px&quot;,&quot;size&quot;:40,&quot;sizes&quot;:[]},&quot;columns&quot;:&quot;3&quot;,&quot;columns_tablet&quot;:&quot;2&quot;,&quot;columns_mobile&quot;:&quot;1&quot;,&quot;item_ratio&quot;:{&quot;unit&quot;:&quot;px&quot;,&quot;size&quot;:0.66,&quot;sizes&quot;:[]},&quot;item_gap&quot;:{&quot;unit&quot;:&quot;px&quot;,&quot;size&quot;:&quot;&quot;,&quot;sizes&quot;:[]}}\" data-widget_type=\"portfolio.default\">\n\t\t\t\t<div class=\"elementor-widget-container\">\n\t\t\t\t\t\t\t<div class=\"elementor-portfolio elementor-grid elementor-posts-container\" role=\"list\">\n\t\t\t\t<article class=\"elementor-portfolio-item elementor-post  post-1219 post type-post status-publish format-standard has-post-thumbnail hentry category-diseno-grafico category-ilustracion\" role=\"listitem\">\n\t\t\t<a class=\"elementor-post__thumbnail__link\" href=\"https:\/\/illusnanda.com\/fr\/association-le-bocal\/\">\n\t\t\t\t<div class=\"elementor-portfolio-item__img elementor-post__thumbnail\">\n\t\t\t<img fetchpriority=\"high\" decoding=\"async\" width=\"300\" height=\"278\" src=\"https:\/\/illusnanda.com\/wp-content\/uploads\/2024\/02\/politique_-1-300x278.png\" class=\"attachment-medium size-medium wp-image-1238\" alt=\"\" srcset=\"https:\/\/illusnanda.com\/wp-content\/uploads\/2024\/02\/politique_-1-300x278.png 300w, https:\/\/illusnanda.com\/wp-content\/uploads\/2024\/02\/politique_-1-1024x950.png 1024w, https:\/\/illusnanda.com\/wp-content\/uploads\/2024\/02\/politique_-1-768x712.png 768w, https:\/\/illusnanda.com\/wp-content\/uploads\/2024\/02\/politique_-1-13x12.png 13w, https:\/\/illusnanda.com\/wp-content\/uploads\/2024\/02\/politique_-1.png 1161w\" sizes=\"(max-width: 300px) 100vw, 300px\" \/>\t\t<\/div>\n\t\t\t\t<div class=\"elementor-portfolio-item__overlay\">\n\t\t\t\t<h3 class=\"elementor-portfolio-item__title\">\n\t\tAssociation Le Bocal\t\t<\/h3>\n\t\t\t\t<\/div>\n\t\t\t\t<\/a>\n\t\t<\/article>\n\t\t\t\t<article class=\"elementor-portfolio-item elementor-post  post-1 post type-post status-publish format-standard has-post-thumbnail hentry category-diseno-grafico\" role=\"listitem\">\n\t\t\t<a class=\"elementor-post__thumbnail__link\" href=\"https:\/\/illusnanda.com\/fr\/hola-mundo\/\">\n\t\t\t\t<div class=\"elementor-portfolio-item__img elementor-post__thumbnail\">\n\t\t\t<img decoding=\"async\" width=\"300\" height=\"190\" src=\"https:\/\/illusnanda.com\/wp-content\/uploads\/2023\/08\/logo-300x190.png\" class=\"attachment-medium size-medium wp-image-421\" alt=\"\" srcset=\"https:\/\/illusnanda.com\/wp-content\/uploads\/2023\/08\/logo-300x190.png 300w, https:\/\/illusnanda.com\/wp-content\/uploads\/2023\/08\/logo-1024x647.png 1024w, https:\/\/illusnanda.com\/wp-content\/uploads\/2023\/08\/logo-768x485.png 768w, https:\/\/illusnanda.com\/wp-content\/uploads\/2023\/08\/logo-1536x971.png 1536w, https:\/\/illusnanda.com\/wp-content\/uploads\/2023\/08\/logo.png 1590w\" sizes=\"(max-width: 300px) 100vw, 300px\" \/>\t\t<\/div>\n\t\t\t\t<div class=\"elementor-portfolio-item__overlay\">\n\t\t\t\t<h3 class=\"elementor-portfolio-item__title\">\n\t\t\u00c9clats d&#8217;Arts\t\t<\/h3>\n\t\t\t\t<\/div>\n\t\t\t\t<\/a>\n\t\t<\/article>\n\t\t\t\t<article class=\"elementor-portfolio-item elementor-post  post-513 post type-post status-publish format-standard has-post-thumbnail hentry category-diseno-grafico category-ilustracion\" role=\"listitem\">\n\t\t\t<a class=\"elementor-post__thumbnail__link\" href=\"https:\/\/illusnanda.com\/fr\/festival-o-tour-des-contes\/\">\n\t\t\t\t<div class=\"elementor-portfolio-item__img elementor-post__thumbnail\">\n\t\t\t<img decoding=\"async\" width=\"300\" height=\"200\" src=\"https:\/\/illusnanda.com\/wp-content\/uploads\/2023\/09\/57720-300x200.png\" class=\"attachment-medium size-medium wp-image-619\" alt=\"\" srcset=\"https:\/\/illusnanda.com\/wp-content\/uploads\/2023\/09\/57720-300x200.png 300w, https:\/\/illusnanda.com\/wp-content\/uploads\/2023\/09\/57720-1024x684.png 1024w, https:\/\/illusnanda.com\/wp-content\/uploads\/2023\/09\/57720-768x513.png 768w, https:\/\/illusnanda.com\/wp-content\/uploads\/2023\/09\/57720-1536x1025.png 1536w, https:\/\/illusnanda.com\/wp-content\/uploads\/2023\/09\/57720-18x12.png 18w, https:\/\/illusnanda.com\/wp-content\/uploads\/2023\/09\/57720.png 1594w\" sizes=\"(max-width: 300px) 100vw, 300px\" \/>\t\t<\/div>\n\t\t\t\t<div class=\"elementor-portfolio-item__overlay\">\n\t\t\t\t<h3 class=\"elementor-portfolio-item__title\">\n\t\tFestival \u00d4 Tour des Contes\t\t<\/h3>\n\t\t\t\t<\/div>\n\t\t\t\t<\/a>\n\t\t<\/article>\n\t\t\t\t<article class=\"elementor-portfolio-item elementor-post  post-643 post type-post status-publish format-standard has-post-thumbnail hentry category-diseno-grafico\" role=\"listitem\">\n\t\t\t<a class=\"elementor-post__thumbnail__link\" href=\"https:\/\/illusnanda.com\/fr\/o-monde-des-histoires\/\">\n\t\t\t\t<div class=\"elementor-portfolio-item__img elementor-post__thumbnail\">\n\t\t\t<img loading=\"lazy\" decoding=\"async\" width=\"300\" height=\"219\" src=\"https:\/\/illusnanda.com\/wp-content\/uploads\/2023\/09\/ogo-300x219.png\" class=\"attachment-medium size-medium wp-image-655\" alt=\"\" srcset=\"https:\/\/illusnanda.com\/wp-content\/uploads\/2023\/09\/ogo-300x219.png 300w, https:\/\/illusnanda.com\/wp-content\/uploads\/2023\/09\/ogo-1024x747.png 1024w, https:\/\/illusnanda.com\/wp-content\/uploads\/2023\/09\/ogo-768x560.png 768w, https:\/\/illusnanda.com\/wp-content\/uploads\/2023\/09\/ogo-16x12.png 16w, https:\/\/illusnanda.com\/wp-content\/uploads\/2023\/09\/ogo.png 1403w\" sizes=\"(max-width: 300px) 100vw, 300px\" \/>\t\t<\/div>\n\t\t\t\t<div class=\"elementor-portfolio-item__overlay\">\n\t\t\t\t<h3 class=\"elementor-portfolio-item__title\">\n\t\t\u00d4 Monde des Histoires\t\t<\/h3>\n\t\t\t\t<\/div>\n\t\t\t\t<\/a>\n\t\t<\/article>\n\t\t\t\t<article class=\"elementor-portfolio-item elementor-post  post-402 post type-post status-publish format-standard has-post-thumbnail hentry category-diseno-grafico\" role=\"listitem\">\n\t\t\t<a class=\"elementor-post__thumbnail__link\" href=\"https:\/\/illusnanda.com\/fr\/depot-vrac\/\">\n\t\t\t\t<div class=\"elementor-portfolio-item__img elementor-post__thumbnail\">\n\t\t\t<img loading=\"lazy\" decoding=\"async\" width=\"300\" height=\"220\" src=\"https:\/\/illusnanda.com\/wp-content\/uploads\/2023\/08\/Invitation-Card-Mockup-300x220.jpg\" class=\"attachment-medium size-medium wp-image-400\" alt=\"\" srcset=\"https:\/\/illusnanda.com\/wp-content\/uploads\/2023\/08\/Invitation-Card-Mockup-300x220.jpg 300w, https:\/\/illusnanda.com\/wp-content\/uploads\/2023\/08\/Invitation-Card-Mockup-1024x749.jpg 1024w, https:\/\/illusnanda.com\/wp-content\/uploads\/2023\/08\/Invitation-Card-Mockup-768x562.jpg 768w, https:\/\/illusnanda.com\/wp-content\/uploads\/2023\/08\/Invitation-Card-Mockup-1536x1124.jpg 1536w, https:\/\/illusnanda.com\/wp-content\/uploads\/2023\/08\/Invitation-Card-Mockup-2048x1499.jpg 2048w\" sizes=\"(max-width: 300px) 100vw, 300px\" \/>\t\t<\/div>\n\t\t\t\t<div class=\"elementor-portfolio-item__overlay\">\n\t\t\t\t<h3 class=\"elementor-portfolio-item__title\">\n\t\tD\u00e9p\u00f4t Vrac\t\t<\/h3>\n\t\t\t\t<\/div>\n\t\t\t\t<\/a>\n\t\t<\/article>\n\t\t\t\t<article class=\"elementor-portfolio-item elementor-post  post-500 post type-post status-publish format-standard has-post-thumbnail hentry category-diseno-grafico\" role=\"listitem\">\n\t\t\t<a class=\"elementor-post__thumbnail__link\" href=\"https:\/\/illusnanda.com\/fr\/asociacion-ami-de-martinica\/\">\n\t\t\t\t<div class=\"elementor-portfolio-item__img elementor-post__thumbnail\">\n\t\t\t<img loading=\"lazy\" decoding=\"async\" width=\"300\" height=\"204\" src=\"https:\/\/illusnanda.com\/wp-content\/uploads\/2023\/09\/ami-300x204.png\" class=\"attachment-medium size-medium wp-image-501\" alt=\"\" srcset=\"https:\/\/illusnanda.com\/wp-content\/uploads\/2023\/09\/ami-300x204.png 300w, https:\/\/illusnanda.com\/wp-content\/uploads\/2023\/09\/ami-1024x696.png 1024w, https:\/\/illusnanda.com\/wp-content\/uploads\/2023\/09\/ami-768x522.png 768w, https:\/\/illusnanda.com\/wp-content\/uploads\/2023\/09\/ami.png 1518w\" sizes=\"(max-width: 300px) 100vw, 300px\" \/>\t\t<\/div>\n\t\t\t\t<div class=\"elementor-portfolio-item__overlay\">\n\t\t\t\t<h3 class=\"elementor-portfolio-item__title\">\n\t\tAssociation \"Ami\" de la Martinique\t\t<\/h3>\n\t\t\t\t<\/div>\n\t\t\t\t<\/a>\n\t\t<\/article>\n\t\t\t\t<article class=\"elementor-portfolio-item elementor-post  post-764 post type-post status-publish format-standard has-post-thumbnail hentry category-diseno-grafico\" role=\"listitem\">\n\t\t\t<a class=\"elementor-post__thumbnail__link\" href=\"https:\/\/illusnanda.com\/fr\/mini-proyectos\/\">\n\t\t\t\t<div class=\"elementor-portfolio-item__img elementor-post__thumbnail\">\n\t\t\t<img loading=\"lazy\" decoding=\"async\" width=\"300\" height=\"225\" src=\"https:\/\/illusnanda.com\/wp-content\/uploads\/2023\/10\/2-copie-300x225.jpg\" class=\"attachment-medium size-medium wp-image-769\" alt=\"\" srcset=\"https:\/\/illusnanda.com\/wp-content\/uploads\/2023\/10\/2-copie-300x225.jpg 300w, https:\/\/illusnanda.com\/wp-content\/uploads\/2023\/10\/2-copie-1024x768.jpg 1024w, https:\/\/illusnanda.com\/wp-content\/uploads\/2023\/10\/2-copie-768x576.jpg 768w, https:\/\/illusnanda.com\/wp-content\/uploads\/2023\/10\/2-copie-1536x1152.jpg 1536w, https:\/\/illusnanda.com\/wp-content\/uploads\/2023\/10\/2-copie-2048x1536.jpg 2048w, https:\/\/illusnanda.com\/wp-content\/uploads\/2023\/10\/2-copie-16x12.jpg 16w\" sizes=\"(max-width: 300px) 100vw, 300px\" \/>\t\t<\/div>\n\t\t\t\t<div class=\"elementor-portfolio-item__overlay\">\n\t\t\t\t<h3 class=\"elementor-portfolio-item__title\">\n\t\tMini projets graphiques\t\t<\/h3>\n\t\t\t\t<\/div>\n\t\t\t\t<\/a>\n\t\t<\/article>\n\t\t\t\t<article class=\"elementor-portfolio-item elementor-post  post-746 post type-post status-publish format-standard has-post-thumbnail hentry category-diseno-grafico\" role=\"listitem\">\n\t\t\t<a class=\"elementor-post__thumbnail__link\" href=\"https:\/\/illusnanda.com\/fr\/happy-crepe\/\">\n\t\t\t\t<div class=\"elementor-portfolio-item__img elementor-post__thumbnail\">\n\t\t\t<img loading=\"lazy\" decoding=\"async\" width=\"300\" height=\"200\" src=\"https:\/\/illusnanda.com\/wp-content\/uploads\/2023\/10\/Restaurant_logo_mockup_3-copie-300x200.png\" class=\"attachment-medium size-medium wp-image-750\" alt=\"\" srcset=\"https:\/\/illusnanda.com\/wp-content\/uploads\/2023\/10\/Restaurant_logo_mockup_3-copie-300x200.png 300w, https:\/\/illusnanda.com\/wp-content\/uploads\/2023\/10\/Restaurant_logo_mockup_3-copie-1024x683.png 1024w, https:\/\/illusnanda.com\/wp-content\/uploads\/2023\/10\/Restaurant_logo_mockup_3-copie-768x512.png 768w, https:\/\/illusnanda.com\/wp-content\/uploads\/2023\/10\/Restaurant_logo_mockup_3-copie-1536x1024.png 1536w, https:\/\/illusnanda.com\/wp-content\/uploads\/2023\/10\/Restaurant_logo_mockup_3-copie-2048x1365.png 2048w, https:\/\/illusnanda.com\/wp-content\/uploads\/2023\/10\/Restaurant_logo_mockup_3-copie-18x12.png 18w\" sizes=\"(max-width: 300px) 100vw, 300px\" \/>\t\t<\/div>\n\t\t\t\t<div class=\"elementor-portfolio-item__overlay\">\n\t\t\t\t<h3 class=\"elementor-portfolio-item__title\">\n\t\tHappy Cr\u00eape\t\t<\/h3>\n\t\t\t\t<\/div>\n\t\t\t\t<\/a>\n\t\t<\/article>\n\t\t\t\t<article class=\"elementor-portfolio-item elementor-post  post-779 post type-post status-publish format-standard has-post-thumbnail hentry category-diseno-grafico category-ilustracion\" role=\"listitem\">\n\t\t\t<a class=\"elementor-post__thumbnail__link\" href=\"https:\/\/illusnanda.com\/fr\/un-nacimiento\/\">\n\t\t\t\t<div class=\"elementor-portfolio-item__img elementor-post__thumbnail\">\n\t\t\t<img loading=\"lazy\" decoding=\"async\" width=\"300\" height=\"165\" src=\"https:\/\/illusnanda.com\/wp-content\/uploads\/2023\/10\/Childrens_room_Poster_18-300x165.png\" class=\"attachment-medium size-medium wp-image-767\" alt=\"\" srcset=\"https:\/\/illusnanda.com\/wp-content\/uploads\/2023\/10\/Childrens_room_Poster_18-300x165.png 300w, https:\/\/illusnanda.com\/wp-content\/uploads\/2023\/10\/Childrens_room_Poster_18-1024x563.png 1024w, https:\/\/illusnanda.com\/wp-content\/uploads\/2023\/10\/Childrens_room_Poster_18-768x422.png 768w, https:\/\/illusnanda.com\/wp-content\/uploads\/2023\/10\/Childrens_room_Poster_18-1536x845.png 1536w, https:\/\/illusnanda.com\/wp-content\/uploads\/2023\/10\/Childrens_room_Poster_18-2048x1126.png 2048w, https:\/\/illusnanda.com\/wp-content\/uploads\/2023\/10\/Childrens_room_Poster_18-18x10.png 18w\" sizes=\"(max-width: 300px) 100vw, 300px\" \/>\t\t<\/div>\n\t\t\t\t<div class=\"elementor-portfolio-item__overlay\">\n\t\t\t\t<h3 class=\"elementor-portfolio-item__title\">\n\t\tUne naissance\t\t<\/h3>\n\t\t\t\t<\/div>\n\t\t\t\t<\/a>\n\t\t<\/article>\n\t\t\t\t<\/div>\n\t\t\t\t\t\t<\/div>\n\t\t\t\t<\/div>\n\t\t\t\t\t<\/div>\n\t\t<\/div>\n\t\t\t\t\t<\/div>\n\t\t<\/section>\n\t\t\t\t<\/div>","protected":false},"excerpt":{"rendered":"","protected":false},"author":1,"featured_media":0,"parent":0,"menu_order":0,"comment_status":"closed","ping_status":"closed","template":"","meta":{"footnotes":""},"class_list":["post-12","page","type-page","status-publish","hentry"],"yoast_head":"<!-- This site is optimized with the Yoast SEO plugin v27.4 - https:\/\/yoast.com\/product\/yoast-seo-wordpress\/ -->\n<title>Dise\u00f1o Grafico - Fernanda Cruces<\/title>\n<meta name=\"robots\" content=\"index, follow, max-snippet:-1, max-image-preview:large, max-video-preview:-1\" \/>\n<link rel=\"canonical\" href=\"https:\/\/illusnanda.com\/fr\/diseno-grafico\/\" \/>\n<meta property=\"og:locale\" content=\"fr_FR\" \/>\n<meta property=\"og:type\" content=\"article\" \/>\n<meta property=\"og:title\" content=\"Dise\u00f1o Grafico - Fernanda Cruces\" \/>\n<meta property=\"og:url\" content=\"https:\/\/illusnanda.com\/fr\/diseno-grafico\/\" \/>\n<meta property=\"og:site_name\" content=\"Fernanda Cruces\" \/>\n<meta property=\"article:modified_time\" content=\"2023-08-13T12:13:22+00:00\" \/>\n<meta name=\"twitter:card\" content=\"summary_large_image\" \/>\n<script type=\"application\/ld+json\" class=\"yoast-schema-graph\">{\"@context\":\"https:\\\/\\\/schema.org\",\"@graph\":[{\"@type\":\"WebPage\",\"@id\":\"https:\\\/\\\/illusnanda.com\\\/diseno-grafico\\\/\",\"url\":\"https:\\\/\\\/illusnanda.com\\\/diseno-grafico\\\/\",\"name\":\"Dise\u00f1o Grafico - Fernanda Cruces\",\"isPartOf\":{\"@id\":\"https:\\\/\\\/illusnanda.com\\\/#website\"},\"datePublished\":\"2023-08-11T21:17:32+00:00\",\"dateModified\":\"2023-08-13T12:13:22+00:00\",\"breadcrumb\":{\"@id\":\"https:\\\/\\\/illusnanda.com\\\/diseno-grafico\\\/#breadcrumb\"},\"inLanguage\":\"fr-BE\",\"potentialAction\":[{\"@type\":\"ReadAction\",\"target\":[\"https:\\\/\\\/illusnanda.com\\\/diseno-grafico\\\/\"]}]},{\"@type\":\"BreadcrumbList\",\"@id\":\"https:\\\/\\\/illusnanda.com\\\/diseno-grafico\\\/#breadcrumb\",\"itemListElement\":[{\"@type\":\"ListItem\",\"position\":1,\"name\":\"Portada\",\"item\":\"https:\\\/\\\/illusnanda.com\\\/\"},{\"@type\":\"ListItem\",\"position\":2,\"name\":\"Dise\u00f1o Grafico\"}]},{\"@type\":\"WebSite\",\"@id\":\"https:\\\/\\\/illusnanda.com\\\/#website\",\"url\":\"https:\\\/\\\/illusnanda.com\\\/\",\"name\":\"Fernanda Cruces\",\"description\":\"Ilustradora y Dise\u00f1adora Gr\u00e1fica: Visuels clairs et sensibles pour projets culturels et \u00e9ducatifs\",\"potentialAction\":[{\"@type\":\"SearchAction\",\"target\":{\"@type\":\"EntryPoint\",\"urlTemplate\":\"https:\\\/\\\/illusnanda.com\\\/?s={search_term_string}\"},\"query-input\":{\"@type\":\"PropertyValueSpecification\",\"valueRequired\":true,\"valueName\":\"search_term_string\"}}],\"inLanguage\":\"fr-BE\"}]}<\/script>\n<!-- \/ Yoast SEO plugin. -->","yoast_head_json":{"title":"Dise\u00f1o Grafico - Fernanda Cruces","robots":{"index":"index","follow":"follow","max-snippet":"max-snippet:-1","max-image-preview":"max-image-preview:large","max-video-preview":"max-video-preview:-1"},"canonical":"https:\/\/illusnanda.com\/fr\/diseno-grafico\/","og_locale":"fr_FR","og_type":"article","og_title":"Dise\u00f1o Grafico - Fernanda Cruces","og_url":"https:\/\/illusnanda.com\/fr\/diseno-grafico\/","og_site_name":"Fernanda Cruces","article_modified_time":"2023-08-13T12:13:22+00:00","twitter_card":"summary_large_image","schema":{"@context":"https:\/\/schema.org","@graph":[{"@type":"WebPage","@id":"https:\/\/illusnanda.com\/diseno-grafico\/","url":"https:\/\/illusnanda.com\/diseno-grafico\/","name":"Dise\u00f1o Grafico - Fernanda Cruces","isPartOf":{"@id":"https:\/\/illusnanda.com\/#website"},"datePublished":"2023-08-11T21:17:32+00:00","dateModified":"2023-08-13T12:13:22+00:00","breadcrumb":{"@id":"https:\/\/illusnanda.com\/diseno-grafico\/#breadcrumb"},"inLanguage":"fr-BE","potentialAction":[{"@type":"ReadAction","target":["https:\/\/illusnanda.com\/diseno-grafico\/"]}]},{"@type":"BreadcrumbList","@id":"https:\/\/illusnanda.com\/diseno-grafico\/#breadcrumb","itemListElement":[{"@type":"ListItem","position":1,"name":"Portada","item":"https:\/\/illusnanda.com\/"},{"@type":"ListItem","position":2,"name":"Dise\u00f1o Grafico"}]},{"@type":"WebSite","@id":"https:\/\/illusnanda.com\/#website","url":"https:\/\/illusnanda.com\/","name":"Fernanda Cruces","description":"Ilustradora y Dise\u00f1adora Gr\u00e1fica: Visuels clairs et sensibles pour projets culturels et \u00e9ducatifs","potentialAction":[{"@type":"SearchAction","target":{"@type":"EntryPoint","urlTemplate":"https:\/\/illusnanda.com\/?s={search_term_string}"},"query-input":{"@type":"PropertyValueSpecification","valueRequired":true,"valueName":"search_term_string"}}],"inLanguage":"fr-BE"}]}},"_links":{"self":[{"href":"https:\/\/illusnanda.com\/fr\/wp-json\/wp\/v2\/pages\/12","targetHints":{"allow":["GET"]}}],"collection":[{"href":"https:\/\/illusnanda.com\/fr\/wp-json\/wp\/v2\/pages"}],"about":[{"href":"https:\/\/illusnanda.com\/fr\/wp-json\/wp\/v2\/types\/page"}],"author":[{"embeddable":true,"href":"https:\/\/illusnanda.com\/fr\/wp-json\/wp\/v2\/users\/1"}],"replies":[{"embeddable":true,"href":"https:\/\/illusnanda.com\/fr\/wp-json\/wp\/v2\/comments?post=12"}],"version-history":[{"count":22,"href":"https:\/\/illusnanda.com\/fr\/wp-json\/wp\/v2\/pages\/12\/revisions"}],"predecessor-version":[{"id":339,"href":"https:\/\/illusnanda.com\/fr\/wp-json\/wp\/v2\/pages\/12\/revisions\/339"}],"wp:attachment":[{"href":"https:\/\/illusnanda.com\/fr\/wp-json\/wp\/v2\/media?parent=12"}],"curies":[{"name":"wp","href":"https:\/\/api.w.org\/{rel}","templated":true}]}}