{"id":64,"date":"2023-08-12T10:05:55","date_gmt":"2023-08-12T08:05:55","guid":{"rendered":"https:\/\/illusnanda.com\/?page_id=64"},"modified":"2023-08-13T14:16:03","modified_gmt":"2023-08-13T12:16:03","slug":"talleres","status":"publish","type":"page","link":"https:\/\/illusnanda.com\/fr\/talleres\/","title":{"rendered":"Animations"},"content":{"rendered":"<div data-elementor-type=\"wp-page\" data-elementor-id=\"64\" class=\"elementor elementor-64\" data-elementor-post-type=\"page\">\n\t\t\t\t\t\t<section class=\"elementor-section elementor-top-section elementor-element elementor-element-31e44ca7 elementor-section-boxed elementor-section-height-default elementor-section-height-default\" data-id=\"31e44ca7\" data-element_type=\"section\" data-e-type=\"section\">\n\t\t\t\t\t\t<div class=\"elementor-container elementor-column-gap-default\">\n\t\t\t\t\t<div class=\"elementor-column elementor-col-100 elementor-top-column elementor-element elementor-element-41ed722b\" data-id=\"41ed722b\" data-element_type=\"column\" data-e-type=\"column\">\n\t\t\t<div class=\"elementor-widget-wrap elementor-element-populated\">\n\t\t\t\t\t\t<div class=\"elementor-element elementor-element-7fea81fb elementor-widget elementor-widget-heading\" data-id=\"7fea81fb\" data-element_type=\"widget\" data-e-type=\"widget\" data-widget_type=\"heading.default\">\n\t\t\t\t\t<h2 class=\"elementor-heading-title elementor-size-default\">Animations<\/h2>\t\t\t\t<\/div>\n\t\t\t\t\t<\/div>\n\t\t<\/div>\n\t\t\t\t\t<\/div>\n\t\t<\/section>\n\t\t\t\t<section class=\"elementor-section elementor-top-section elementor-element elementor-element-3575ed30 elementor-section-boxed elementor-section-height-default elementor-section-height-default\" data-id=\"3575ed30\" data-element_type=\"section\" data-e-type=\"section\">\n\t\t\t\t\t\t<div class=\"elementor-container elementor-column-gap-default\">\n\t\t\t\t\t<div class=\"elementor-column elementor-col-100 elementor-top-column elementor-element elementor-element-63e30e30\" data-id=\"63e30e30\" data-element_type=\"column\" data-e-type=\"column\">\n\t\t\t<div class=\"elementor-widget-wrap elementor-element-populated\">\n\t\t\t\t\t\t<div class=\"elementor-element elementor-element-6026199c elementor-grid-3 elementor-grid-tablet-2 elementor-grid-mobile-1 elementor-widget elementor-widget-portfolio\" data-id=\"6026199c\" data-element_type=\"widget\" data-e-type=\"widget\" data-settings=\"{&quot;row_gap&quot;:{&quot;unit&quot;:&quot;px&quot;,&quot;size&quot;:40,&quot;sizes&quot;:[]},&quot;columns&quot;:&quot;3&quot;,&quot;columns_tablet&quot;:&quot;2&quot;,&quot;columns_mobile&quot;:&quot;1&quot;,&quot;item_ratio&quot;:{&quot;unit&quot;:&quot;px&quot;,&quot;size&quot;:0.66,&quot;sizes&quot;:[]},&quot;item_gap&quot;:{&quot;unit&quot;:&quot;px&quot;,&quot;size&quot;:&quot;&quot;,&quot;sizes&quot;:[]}}\" data-widget_type=\"portfolio.default\">\n\t\t\t\t<div class=\"elementor-widget-container\">\n\t\t\t\t\t\t\t<div class=\"elementor-portfolio elementor-grid elementor-posts-container\" role=\"list\">\n\t\t\t\t<article class=\"elementor-portfolio-item elementor-post  post-1305 post type-post status-publish format-standard has-post-thumbnail hentry category-animacion\" role=\"listitem\">\n\t\t\t<a class=\"elementor-post__thumbnail__link\" href=\"https:\/\/illusnanda.com\/fr\/recyclart\/\">\n\t\t\t\t<div class=\"elementor-portfolio-item__img elementor-post__thumbnail\">\n\t\t\t<img fetchpriority=\"high\" decoding=\"async\" width=\"226\" height=\"300\" src=\"https:\/\/illusnanda.com\/wp-content\/uploads\/2025\/05\/IMG_20250508_135002-226x300.png\" class=\"attachment-medium size-medium wp-image-1329\" alt=\"\" srcset=\"https:\/\/illusnanda.com\/wp-content\/uploads\/2025\/05\/IMG_20250508_135002-226x300.png 226w, https:\/\/illusnanda.com\/wp-content\/uploads\/2025\/05\/IMG_20250508_135002-771x1024.png 771w, https:\/\/illusnanda.com\/wp-content\/uploads\/2025\/05\/IMG_20250508_135002-768x1020.png 768w, https:\/\/illusnanda.com\/wp-content\/uploads\/2025\/05\/IMG_20250508_135002-9x12.png 9w, https:\/\/illusnanda.com\/wp-content\/uploads\/2025\/05\/IMG_20250508_135002.png 935w\" sizes=\"(max-width: 226px) 100vw, 226px\" \/>\t\t<\/div>\n\t\t\t\t<div class=\"elementor-portfolio-item__overlay\">\n\t\t\t\t<h3 class=\"elementor-portfolio-item__title\">\n\t\tStage de printemps Recycl&#8217;art (8-13 ans)\t\t<\/h3>\n\t\t\t\t<\/div>\n\t\t\t\t<\/a>\n\t\t<\/article>\n\t\t\t\t<article class=\"elementor-portfolio-item elementor-post  post-1277 post type-post status-publish format-standard has-post-thumbnail hentry category-animacion\" role=\"listitem\">\n\t\t\t<a class=\"elementor-post__thumbnail__link\" href=\"https:\/\/illusnanda.com\/fr\/dessin-et-exploration-artistique-38-genappe\/\">\n\t\t\t\t<div class=\"elementor-portfolio-item__img elementor-post__thumbnail\">\n\t\t\t<img decoding=\"async\" width=\"300\" height=\"300\" src=\"https:\/\/illusnanda.com\/wp-content\/uploads\/2025\/04\/38-2-300x300.png\" class=\"attachment-medium size-medium wp-image-1288\" alt=\"\" srcset=\"https:\/\/illusnanda.com\/wp-content\/uploads\/2025\/04\/38-2-300x300.png 300w, https:\/\/illusnanda.com\/wp-content\/uploads\/2025\/04\/38-2-150x150.png 150w, https:\/\/illusnanda.com\/wp-content\/uploads\/2025\/04\/38-2-12x12.png 12w, https:\/\/illusnanda.com\/wp-content\/uploads\/2025\/04\/38-2.png 567w\" sizes=\"(max-width: 300px) 100vw, 300px\" \/>\t\t<\/div>\n\t\t\t\t<div class=\"elementor-portfolio-item__overlay\">\n\t\t\t\t<h3 class=\"elementor-portfolio-item__title\">\n\t\tDessin et exploration artistique \/ 38 Genappe\t\t<\/h3>\n\t\t\t\t<\/div>\n\t\t\t\t<\/a>\n\t\t<\/article>\n\t\t\t\t<article class=\"elementor-portfolio-item elementor-post  post-1251 post type-post status-publish format-standard has-post-thumbnail hentry category-animacion\" role=\"listitem\">\n\t\t\t<a class=\"elementor-post__thumbnail__link\" href=\"https:\/\/illusnanda.com\/fr\/taller-de-dibujo\/\">\n\t\t\t\t<div class=\"elementor-portfolio-item__img elementor-post__thumbnail\">\n\t\t\t<img decoding=\"async\" width=\"300\" height=\"234\" src=\"https:\/\/illusnanda.com\/wp-content\/uploads\/2024\/07\/IMG_4010-copie-300x234.jpg\" class=\"attachment-medium size-medium wp-image-1255\" alt=\"\" srcset=\"https:\/\/illusnanda.com\/wp-content\/uploads\/2024\/07\/IMG_4010-copie-300x234.jpg 300w, https:\/\/illusnanda.com\/wp-content\/uploads\/2024\/07\/IMG_4010-copie-1024x797.jpg 1024w, https:\/\/illusnanda.com\/wp-content\/uploads\/2024\/07\/IMG_4010-copie-768x598.jpg 768w, https:\/\/illusnanda.com\/wp-content\/uploads\/2024\/07\/IMG_4010-copie-1536x1196.jpg 1536w, https:\/\/illusnanda.com\/wp-content\/uploads\/2024\/07\/IMG_4010-copie-2048x1594.jpg 2048w, https:\/\/illusnanda.com\/wp-content\/uploads\/2024\/07\/IMG_4010-copie-15x12.jpg 15w\" sizes=\"(max-width: 300px) 100vw, 300px\" \/>\t\t<\/div>\n\t\t\t\t<div class=\"elementor-portfolio-item__overlay\">\n\t\t\t\t<h3 class=\"elementor-portfolio-item__title\">\n\t\tTaller de dibujo\t\t<\/h3>\n\t\t\t\t<\/div>\n\t\t\t\t<\/a>\n\t\t<\/article>\n\t\t\t\t<article class=\"elementor-portfolio-item elementor-post  post-66 post type-post status-publish format-standard has-post-thumbnail hentry category-animacion\" role=\"listitem\">\n\t\t\t<a class=\"elementor-post__thumbnail__link\" href=\"https:\/\/illusnanda.com\/fr\/pinta-con-los-colores-de-la-pachamama\/\">\n\t\t\t\t<div class=\"elementor-portfolio-item__img elementor-post__thumbnail\">\n\t\t\t<img loading=\"lazy\" decoding=\"async\" width=\"300\" height=\"225\" src=\"https:\/\/illusnanda.com\/wp-content\/uploads\/2023\/08\/ile-Re1-300x225.png\" class=\"attachment-medium size-medium wp-image-426\" alt=\"\" srcset=\"https:\/\/illusnanda.com\/wp-content\/uploads\/2023\/08\/ile-Re1-300x225.png 300w, https:\/\/illusnanda.com\/wp-content\/uploads\/2023\/08\/ile-Re1-768x576.png 768w, https:\/\/illusnanda.com\/wp-content\/uploads\/2023\/08\/ile-Re1.png 1024w\" sizes=\"(max-width: 300px) 100vw, 300px\" \/>\t\t<\/div>\n\t\t\t\t<div class=\"elementor-portfolio-item__overlay\">\n\t\t\t\t<h3 class=\"elementor-portfolio-item__title\">\n\t\tPinta con los colores de la Pachamama !\t\t<\/h3>\n\t\t\t\t<\/div>\n\t\t\t\t<\/a>\n\t\t<\/article>\n\t\t\t\t<article class=\"elementor-portfolio-item elementor-post  post-526 post type-post status-publish format-standard has-post-thumbnail hentry category-animacion\" role=\"listitem\">\n\t\t\t<a class=\"elementor-post__thumbnail__link\" href=\"https:\/\/illusnanda.com\/fr\/atelier-de-dessin-sur-les-vitres-2023\/\">\n\t\t\t\t<div class=\"elementor-portfolio-item__img elementor-post__thumbnail\">\n\t\t\t<img loading=\"lazy\" decoding=\"async\" width=\"300\" height=\"225\" src=\"https:\/\/illusnanda.com\/wp-content\/uploads\/2023\/09\/IMG_20230528_162428-300x225.jpg\" class=\"attachment-medium size-medium wp-image-549\" alt=\"\" srcset=\"https:\/\/illusnanda.com\/wp-content\/uploads\/2023\/09\/IMG_20230528_162428-300x225.jpg 300w, https:\/\/illusnanda.com\/wp-content\/uploads\/2023\/09\/IMG_20230528_162428-1024x768.jpg 1024w, https:\/\/illusnanda.com\/wp-content\/uploads\/2023\/09\/IMG_20230528_162428-768x576.jpg 768w, https:\/\/illusnanda.com\/wp-content\/uploads\/2023\/09\/IMG_20230528_162428-1536x1152.jpg 1536w, https:\/\/illusnanda.com\/wp-content\/uploads\/2023\/09\/IMG_20230528_162428-2048x1536.jpg 2048w\" sizes=\"(max-width: 300px) 100vw, 300px\" \/>\t\t<\/div>\n\t\t\t\t<div class=\"elementor-portfolio-item__overlay\">\n\t\t\t\t<h3 class=\"elementor-portfolio-item__title\">\n\t\tAtelier de dessin sur les vitres 2023\t\t<\/h3>\n\t\t\t\t<\/div>\n\t\t\t\t<\/a>\n\t\t<\/article>\n\t\t\t\t<\/div>\n\t\t\t\t\t\t<\/div>\n\t\t\t\t<\/div>\n\t\t\t\t\t<\/div>\n\t\t<\/div>\n\t\t\t\t\t<\/div>\n\t\t<\/section>\n\t\t\t\t<\/div>","protected":false},"excerpt":{"rendered":"","protected":false},"author":1,"featured_media":0,"parent":0,"menu_order":0,"comment_status":"closed","ping_status":"closed","template":"","meta":{"footnotes":""},"class_list":["post-64","page","type-page","status-publish","hentry"],"yoast_head":"<!-- This site is optimized with the Yoast SEO plugin v27.4 - https:\/\/yoast.com\/product\/yoast-seo-wordpress\/ -->\n<title>Talleres - Fernanda Cruces<\/title>\n<meta name=\"robots\" content=\"index, follow, max-snippet:-1, max-image-preview:large, max-video-preview:-1\" \/>\n<link rel=\"canonical\" href=\"https:\/\/illusnanda.com\/fr\/talleres\/\" \/>\n<meta property=\"og:locale\" content=\"fr_FR\" \/>\n<meta property=\"og:type\" content=\"article\" \/>\n<meta property=\"og:title\" content=\"Talleres - Fernanda Cruces\" \/>\n<meta property=\"og:url\" content=\"https:\/\/illusnanda.com\/fr\/talleres\/\" \/>\n<meta property=\"og:site_name\" content=\"Fernanda Cruces\" \/>\n<meta property=\"article:modified_time\" content=\"2023-08-13T12:16:03+00:00\" \/>\n<meta name=\"twitter:card\" content=\"summary_large_image\" \/>\n<script type=\"application\/ld+json\" class=\"yoast-schema-graph\">{\"@context\":\"https:\\\/\\\/schema.org\",\"@graph\":[{\"@type\":\"WebPage\",\"@id\":\"https:\\\/\\\/illusnanda.com\\\/talleres\\\/\",\"url\":\"https:\\\/\\\/illusnanda.com\\\/talleres\\\/\",\"name\":\"Talleres - Fernanda Cruces\",\"isPartOf\":{\"@id\":\"https:\\\/\\\/illusnanda.com\\\/#website\"},\"datePublished\":\"2023-08-12T08:05:55+00:00\",\"dateModified\":\"2023-08-13T12:16:03+00:00\",\"breadcrumb\":{\"@id\":\"https:\\\/\\\/illusnanda.com\\\/talleres\\\/#breadcrumb\"},\"inLanguage\":\"fr-BE\",\"potentialAction\":[{\"@type\":\"ReadAction\",\"target\":[\"https:\\\/\\\/illusnanda.com\\\/talleres\\\/\"]}]},{\"@type\":\"BreadcrumbList\",\"@id\":\"https:\\\/\\\/illusnanda.com\\\/talleres\\\/#breadcrumb\",\"itemListElement\":[{\"@type\":\"ListItem\",\"position\":1,\"name\":\"Portada\",\"item\":\"https:\\\/\\\/illusnanda.com\\\/\"},{\"@type\":\"ListItem\",\"position\":2,\"name\":\"Talleres\"}]},{\"@type\":\"WebSite\",\"@id\":\"https:\\\/\\\/illusnanda.com\\\/#website\",\"url\":\"https:\\\/\\\/illusnanda.com\\\/\",\"name\":\"Fernanda Cruces\",\"description\":\"Ilustradora y Dise\u00f1adora Gr\u00e1fica: Visuels clairs et sensibles pour projets culturels et \u00e9ducatifs\",\"potentialAction\":[{\"@type\":\"SearchAction\",\"target\":{\"@type\":\"EntryPoint\",\"urlTemplate\":\"https:\\\/\\\/illusnanda.com\\\/?s={search_term_string}\"},\"query-input\":{\"@type\":\"PropertyValueSpecification\",\"valueRequired\":true,\"valueName\":\"search_term_string\"}}],\"inLanguage\":\"fr-BE\"}]}<\/script>\n<!-- \/ Yoast SEO plugin. -->","yoast_head_json":{"title":"Talleres - Fernanda Cruces","robots":{"index":"index","follow":"follow","max-snippet":"max-snippet:-1","max-image-preview":"max-image-preview:large","max-video-preview":"max-video-preview:-1"},"canonical":"https:\/\/illusnanda.com\/fr\/talleres\/","og_locale":"fr_FR","og_type":"article","og_title":"Talleres - Fernanda Cruces","og_url":"https:\/\/illusnanda.com\/fr\/talleres\/","og_site_name":"Fernanda Cruces","article_modified_time":"2023-08-13T12:16:03+00:00","twitter_card":"summary_large_image","schema":{"@context":"https:\/\/schema.org","@graph":[{"@type":"WebPage","@id":"https:\/\/illusnanda.com\/talleres\/","url":"https:\/\/illusnanda.com\/talleres\/","name":"Talleres - Fernanda Cruces","isPartOf":{"@id":"https:\/\/illusnanda.com\/#website"},"datePublished":"2023-08-12T08:05:55+00:00","dateModified":"2023-08-13T12:16:03+00:00","breadcrumb":{"@id":"https:\/\/illusnanda.com\/talleres\/#breadcrumb"},"inLanguage":"fr-BE","potentialAction":[{"@type":"ReadAction","target":["https:\/\/illusnanda.com\/talleres\/"]}]},{"@type":"BreadcrumbList","@id":"https:\/\/illusnanda.com\/talleres\/#breadcrumb","itemListElement":[{"@type":"ListItem","position":1,"name":"Portada","item":"https:\/\/illusnanda.com\/"},{"@type":"ListItem","position":2,"name":"Talleres"}]},{"@type":"WebSite","@id":"https:\/\/illusnanda.com\/#website","url":"https:\/\/illusnanda.com\/","name":"Fernanda Cruces","description":"Ilustradora y Dise\u00f1adora Gr\u00e1fica: Visuels clairs et sensibles pour projets culturels et \u00e9ducatifs","potentialAction":[{"@type":"SearchAction","target":{"@type":"EntryPoint","urlTemplate":"https:\/\/illusnanda.com\/?s={search_term_string}"},"query-input":{"@type":"PropertyValueSpecification","valueRequired":true,"valueName":"search_term_string"}}],"inLanguage":"fr-BE"}]}},"_links":{"self":[{"href":"https:\/\/illusnanda.com\/fr\/wp-json\/wp\/v2\/pages\/64","targetHints":{"allow":["GET"]}}],"collection":[{"href":"https:\/\/illusnanda.com\/fr\/wp-json\/wp\/v2\/pages"}],"about":[{"href":"https:\/\/illusnanda.com\/fr\/wp-json\/wp\/v2\/types\/page"}],"author":[{"embeddable":true,"href":"https:\/\/illusnanda.com\/fr\/wp-json\/wp\/v2\/users\/1"}],"replies":[{"embeddable":true,"href":"https:\/\/illusnanda.com\/fr\/wp-json\/wp\/v2\/comments?post=64"}],"version-history":[{"count":26,"href":"https:\/\/illusnanda.com\/fr\/wp-json\/wp\/v2\/pages\/64\/revisions"}],"predecessor-version":[{"id":1269,"href":"https:\/\/illusnanda.com\/fr\/wp-json\/wp\/v2\/pages\/64\/revisions\/1269"}],"wp:attachment":[{"href":"https:\/\/illusnanda.com\/fr\/wp-json\/wp\/v2\/media?parent=64"}],"curies":[{"name":"wp","href":"https:\/\/api.w.org\/{rel}","templated":true}]}}